{"id":58359,"date":"2024-12-10T00:10:38","date_gmt":"2024-12-09T22:10:38","guid":{"rendered":"https:\/\/alpaka-shop.com\/?post_type=product&#038;p=58359"},"modified":"2026-03-09T11:07:03","modified_gmt":"2026-03-09T09:07:03","slug":"lasten-kauluri-copy","status":"publish","type":"product","link":"https:\/\/alpaka-shop.com\/fi\/lasten-kauluri-copy\/","title":{"rendered":"Lasten kauluri"},"content":{"rendered":"","protected":false},"excerpt":{"rendered":"<p><span data-sheets-value=\"{&quot;1&quot;:2,&quot;2&quot;:&quot;Lasten kauluri \/Babyalpakkavillasekoitteesta valmistettu lasten kauluri \/ Lasten kaulurimme on t\u00e4ydellinen talviasuste tyylikk\u00e4ille herroille ja neideille. T\u00e4m\u00e4 hauska ja leikkinen ruokalappu on tarjolla sek\u00e4 yksiv\u00e4risen\u00e4 ett\u00e4 moniv\u00e4risen\u00e4. Alpakka- ja villasekoitteet ovat eritt\u00e4in l\u00e4mpimi\u00e4 ja erinomaisen mukavia. Etu- ja takaosan tavallista suurempi pituus saa ne tuntumaan miellytt\u00e4vilt\u00e4 ja mukavilta perheen retkill\u00e4 kylm\u00e4n s\u00e4\u00e4n aikaan. &quot;}\" data-sheets-userformat=\"{&quot;2&quot;:769,&quot;3&quot;:{&quot;1&quot;:0},&quot;11&quot;:4,&quot;12&quot;:0}\" data-sheets-textstyleruns=\"{&quot;1&quot;:0}\uee10{&quot;1&quot;:16,&quot;2&quot;:{&quot;4&quot;:8}}\uee10{&quot;1&quot;:71}\">Lasten kaulurimme on t\u00e4ydellinen talviasuste tyylikk\u00e4ille herroille ja neideille. T\u00e4m\u00e4 hauska ja leikkinen ruokalappu on tarjolla sek\u00e4 yksiv\u00e4risen\u00e4 ett\u00e4 moniv\u00e4risen\u00e4. Alpakka- ja villasekoitteet ovat eritt\u00e4in l\u00e4mpimi\u00e4 ja erinomaisen mukavia. Etu- ja takaosan tavallista suurempi pituus saa ne tuntumaan miellytt\u00e4vilt\u00e4 ja mukavilta perheen retkill\u00e4 kylm\u00e4n s\u00e4\u00e4n aikaan. <\/span><\/p>\n<p>MATERIAALI<br \/>\n<strong>100% baby alpakka<\/strong><\/p>\n","protected":false},"featured_media":45746,"template":"","meta":{"_acf_changed":false},"product_brand":[],"product_cat":[64,63],"product_tag":[],"product_shipping_class":[],"pa_soft-wrap-cardigan":[],"class_list":{"0":"post-58359","1":"product","2":"type-product","3":"status-publish","4":"has-post-thumbnail","6":"product_cat-huivit-ja-saalit","7":"product_cat-naiset","9":"first","10":"instock","11":"taxable","12":"shipping-taxable","13":"purchasable","14":"product-type-variable","15":"has-default-attributes","16":"wvs-archive-product-wrapper"},"bundled_by":[],"bundle_stock_status":"instock","bundle_stock_quantity":null,"bundle_virtual":false,"bundle_layout":"","bundle_add_to_cart_form_location":"","bundle_editable_in_cart":false,"bundle_sold_individually_context":"","bundle_item_grouping":"","bundle_min_size":"","bundle_max_size":"","bundle_price":[],"bundled_items":[],"bundle_sell_ids":[],"acf":[],"aioseo_notices":[],"_links":{"self":[{"href":"https:\/\/alpaka-shop.com\/fi\/wp-json\/wp\/v2\/product\/58359","targetHints":{"allow":["GET"]}}],"collection":[{"href":"https:\/\/alpaka-shop.com\/fi\/wp-json\/wp\/v2\/product"}],"about":[{"href":"https:\/\/alpaka-shop.com\/fi\/wp-json\/wp\/v2\/types\/product"}],"wp:featuredmedia":[{"embeddable":true,"href":"https:\/\/alpaka-shop.com\/fi\/wp-json\/wp\/v2\/media\/45746"}],"wp:attachment":[{"href":"https:\/\/alpaka-shop.com\/fi\/wp-json\/wp\/v2\/media?parent=58359"}],"wp:term":[{"taxonomy":"product_brand","embeddable":true,"href":"https:\/\/alpaka-shop.com\/fi\/wp-json\/wp\/v2\/product_brand?post=58359"},{"taxonomy":"product_cat","embeddable":true,"href":"https:\/\/alpaka-shop.com\/fi\/wp-json\/wp\/v2\/product_cat?post=58359"},{"taxonomy":"product_tag","embeddable":true,"href":"https:\/\/alpaka-shop.com\/fi\/wp-json\/wp\/v2\/product_tag?post=58359"},{"taxonomy":"product_shipping_class","embeddable":true,"href":"https:\/\/alpaka-shop.com\/fi\/wp-json\/wp\/v2\/product_shipping_class?post=58359"},{"taxonomy":"pa_soft-wrap-cardigan","embeddable":true,"href":"https:\/\/alpaka-shop.com\/fi\/wp-json\/wp\/v2\/pa_soft-wrap-cardigan?post=58359"}],"curies":[{"name":"wp","href":"https:\/\/api.w.org\/{rel}","templated":true}]}}