{"id":5864,"date":"2019-07-30T12:28:45","date_gmt":"2019-07-30T09:28:45","guid":{"rendered":"https:\/\/uus.alpaka-shop.com\/product\/eco-scottish-peite\/"},"modified":"2026-04-06T10:00:15","modified_gmt":"2026-04-06T07:00:15","slug":"eco-scottish-peite","status":"publish","type":"product","link":"https:\/\/alpaka-shop.com\/fi\/eco-scottish-peite\/","title":{"rendered":"Eco Scottish torkkupeitto"},"content":{"rendered":"","protected":false},"excerpt":{"rendered":"<p>Eco Scottish torkkupeitto on valmistettu 100% luontoyst\u00e4v\u00e4llisest\u00e4 baby alpakka villasta. T\u00e4m\u00e4n peiton valmistuksessa on k\u00e4ytetty vain luonnonv\u00e4risi\u00e4 kuituja. N\u00e4m\u00e4 luonnondyst\u00e4v\u00e4lliset torkkupeitot ovat klassisia ja ylellisi\u00e4 asusteita asiakkaille, jotka arvostavat ajatonta tyyli\u00e4, huippulaatua ja parhainta mukavuutta. Niin miesten kuin naisten rakastama.<\/p>\n<p>MATERIAALI<br \/>\n<strong>100% ekologinen baby alpakka<\/strong><\/p>\n","protected":false},"featured_media":5866,"template":"","meta":{"_acf_changed":false},"product_brand":[],"product_cat":[109,2813,106],"product_tag":[],"product_shipping_class":[],"pa_soft-wrap-cardigan":[],"class_list":{"0":"post-5864","1":"product","2":"type-product","3":"status-publish","4":"has-post-thumbnail","6":"product_cat-koti","7":"product_cat-march-edit-fi","8":"product_cat-peitteet","10":"first","11":"instock","12":"taxable","13":"shipping-taxable","14":"purchasable","15":"product-type-variable","16":"has-default-attributes","17":"wvs-archive-product-wrapper"},"bundled_by":[],"bundle_stock_status":"instock","bundle_stock_quantity":null,"bundle_virtual":false,"bundle_layout":"","bundle_add_to_cart_form_location":"","bundle_editable_in_cart":false,"bundle_sold_individually_context":"","bundle_item_grouping":"","bundle_min_size":"","bundle_max_size":"","bundle_price":[],"bundled_items":[],"bundle_sell_ids":[],"acf":[],"aioseo_notices":[],"_links":{"self":[{"href":"https:\/\/alpaka-shop.com\/fi\/wp-json\/wp\/v2\/product\/5864","targetHints":{"allow":["GET"]}}],"collection":[{"href":"https:\/\/alpaka-shop.com\/fi\/wp-json\/wp\/v2\/product"}],"about":[{"href":"https:\/\/alpaka-shop.com\/fi\/wp-json\/wp\/v2\/types\/product"}],"wp:featuredmedia":[{"embeddable":true,"href":"https:\/\/alpaka-shop.com\/fi\/wp-json\/wp\/v2\/media\/5866"}],"wp:attachment":[{"href":"https:\/\/alpaka-shop.com\/fi\/wp-json\/wp\/v2\/media?parent=5864"}],"wp:term":[{"taxonomy":"product_brand","embeddable":true,"href":"https:\/\/alpaka-shop.com\/fi\/wp-json\/wp\/v2\/product_brand?post=5864"},{"taxonomy":"product_cat","embeddable":true,"href":"https:\/\/alpaka-shop.com\/fi\/wp-json\/wp\/v2\/product_cat?post=5864"},{"taxonomy":"product_tag","embeddable":true,"href":"https:\/\/alpaka-shop.com\/fi\/wp-json\/wp\/v2\/product_tag?post=5864"},{"taxonomy":"product_shipping_class","embeddable":true,"href":"https:\/\/alpaka-shop.com\/fi\/wp-json\/wp\/v2\/product_shipping_class?post=5864"},{"taxonomy":"pa_soft-wrap-cardigan","embeddable":true,"href":"https:\/\/alpaka-shop.com\/fi\/wp-json\/wp\/v2\/pa_soft-wrap-cardigan?post=5864"}],"curies":[{"name":"wp","href":"https:\/\/api.w.org\/{rel}","templated":true}]}}