{"id":58654,"date":"2024-12-10T12:01:52","date_gmt":"2024-12-10T10:01:52","guid":{"rendered":"https:\/\/alpaka-shop.com\/neulotut-rannekelammittimet\/"},"modified":"2026-04-11T14:00:04","modified_gmt":"2026-04-11T11:00:04","slug":"neulotut-rannekelammittimet","status":"publish","type":"product","link":"https:\/\/alpaka-shop.com\/fi\/neulotut-rannekelammittimet\/","title":{"rendered":"Neulotut rannekel\u00e4mmittimet"},"content":{"rendered":"","protected":false},"excerpt":{"rendered":"<p><span data-sheets-root=\"1\">Kevyet ja tyylikk\u00e4\u00e4t rannekel\u00e4mmitimet ovat korvaamattomia apuv\u00e4lineit\u00e4 viilein\u00e4 p\u00e4ivin\u00e4. Ribbineuloksen ansiosta ne pysyy hyvin paikoilla ja pit\u00e4\u00e4 samalla sormet vapoina. Ranneke on pehme\u00e4 mutta my\u00f6s riitt\u00e4v\u00e4n pitk\u00e4 ja helposti puettavissa takin alle. Erinomainen valinta mik\u00e4li kaipaa pient\u00e4 lis\u00e4l\u00e4mp\u00f6\u00e4 pienell\u00e4 vaivalla. Ajaton disain, k\u00e4yt\u00e4nn\u00f6llisyys ja mukavuus sen parhaassa muodossa.<\/p>\n<p>MATERIAALI<br \/>\n<strong>100% Baby-alpakka<\/strong><\/span><\/p>\n","protected":false},"featured_media":58615,"template":"","meta":{"_acf_changed":false},"product_brand":[],"product_cat":[2971,63],"product_tag":[],"product_shipping_class":[],"pa_soft-wrap-cardigan":[],"class_list":{"0":"post-58654","1":"product","2":"type-product","3":"status-publish","4":"has-post-thumbnail","6":"product_cat-accessoires","7":"product_cat-naiset","9":"first","10":"instock","11":"taxable","12":"shipping-taxable","13":"purchasable","14":"product-type-variable","15":"has-default-attributes","16":"wvs-archive-product-wrapper"},"bundled_by":[],"bundle_stock_status":"instock","bundle_stock_quantity":null,"bundle_virtual":false,"bundle_layout":"","bundle_add_to_cart_form_location":"","bundle_editable_in_cart":false,"bundle_sold_individually_context":"","bundle_item_grouping":"","bundle_min_size":"","bundle_max_size":"","bundle_price":[],"bundled_items":[],"bundle_sell_ids":[],"acf":[],"aioseo_notices":[],"_links":{"self":[{"href":"https:\/\/alpaka-shop.com\/fi\/wp-json\/wp\/v2\/product\/58654","targetHints":{"allow":["GET"]}}],"collection":[{"href":"https:\/\/alpaka-shop.com\/fi\/wp-json\/wp\/v2\/product"}],"about":[{"href":"https:\/\/alpaka-shop.com\/fi\/wp-json\/wp\/v2\/types\/product"}],"wp:featuredmedia":[{"embeddable":true,"href":"https:\/\/alpaka-shop.com\/fi\/wp-json\/wp\/v2\/media\/58615"}],"wp:attachment":[{"href":"https:\/\/alpaka-shop.com\/fi\/wp-json\/wp\/v2\/media?parent=58654"}],"wp:term":[{"taxonomy":"product_brand","embeddable":true,"href":"https:\/\/alpaka-shop.com\/fi\/wp-json\/wp\/v2\/product_brand?post=58654"},{"taxonomy":"product_cat","embeddable":true,"href":"https:\/\/alpaka-shop.com\/fi\/wp-json\/wp\/v2\/product_cat?post=58654"},{"taxonomy":"product_tag","embeddable":true,"href":"https:\/\/alpaka-shop.com\/fi\/wp-json\/wp\/v2\/product_tag?post=58654"},{"taxonomy":"product_shipping_class","embeddable":true,"href":"https:\/\/alpaka-shop.com\/fi\/wp-json\/wp\/v2\/product_shipping_class?post=58654"},{"taxonomy":"pa_soft-wrap-cardigan","embeddable":true,"href":"https:\/\/alpaka-shop.com\/fi\/wp-json\/wp\/v2\/pa_soft-wrap-cardigan?post=58654"}],"curies":[{"name":"wp","href":"https:\/\/api.w.org\/{rel}","templated":true}]}}