{"id":58753,"date":"2024-12-10T12:40:44","date_gmt":"2024-12-10T10:40:44","guid":{"rendered":"https:\/\/alpaka-shop.com\/?post_type=product&#038;p=58753"},"modified":"2026-02-19T16:00:06","modified_gmt":"2026-02-19T14:00:06","slug":"kaannettavat-lapaset","status":"publish","type":"product","link":"https:\/\/alpaka-shop.com\/fi\/kaannettavat-lapaset\/","title":{"rendered":"K\u00e4\u00e4nnett\u00e4v\u00e4t lapaset"},"content":{"rendered":"","protected":false},"excerpt":{"rendered":"<p><span data-sheets-root=\"1\">Aivan uniikit k\u00e4\u00e4nnett\u00e4v\u00e4t lapaset on k\u00e4ytett\u00e4viss\u00e4 kahdella eri tavalla. Toimivat sek\u00e4 lapasina ett\u00e4 tarvittaessa my\u00f6s rannekkeenl\u00e4mmittimin\u00e4. Pidennetty rannekeosa on helposti taitettavissa tyylikk\u00e4\u00e4ksi lapaseksi. Alpakanvilla lapaset ovat hyvin l\u00e4mpim\u00e4t ja kauniit ja suojaavat erinomaisesti k\u00e4si\u00e4 kylmin\u00e4 talvip\u00e4ivin\u00e4 ja -\u00f6in\u00e4. <\/span><\/p>\n<p><span>MATERIAALI<\/span><br \/>\n<b>100% Baby-alpakka<\/b><\/p>\n","protected":false},"featured_media":58745,"template":"","meta":{"_acf_changed":false},"product_brand":[],"product_cat":[2971,63],"product_tag":[],"product_shipping_class":[],"pa_soft-wrap-cardigan":[],"class_list":{"0":"post-58753","1":"product","2":"type-product","3":"status-publish","4":"has-post-thumbnail","6":"product_cat-accessoires","7":"product_cat-naiset","9":"first","10":"instock","11":"taxable","12":"shipping-taxable","13":"purchasable","14":"product-type-variable","15":"has-default-attributes","16":"wvs-archive-product-wrapper"},"bundled_by":[],"bundle_stock_status":"instock","bundle_stock_quantity":null,"bundle_virtual":false,"bundle_layout":"","bundle_add_to_cart_form_location":"","bundle_editable_in_cart":false,"bundle_sold_individually_context":"","bundle_item_grouping":"","bundle_min_size":"","bundle_max_size":"","bundle_price":[],"bundled_items":[],"bundle_sell_ids":[],"acf":[],"aioseo_notices":[],"_links":{"self":[{"href":"https:\/\/alpaka-shop.com\/fi\/wp-json\/wp\/v2\/product\/58753","targetHints":{"allow":["GET"]}}],"collection":[{"href":"https:\/\/alpaka-shop.com\/fi\/wp-json\/wp\/v2\/product"}],"about":[{"href":"https:\/\/alpaka-shop.com\/fi\/wp-json\/wp\/v2\/types\/product"}],"wp:featuredmedia":[{"embeddable":true,"href":"https:\/\/alpaka-shop.com\/fi\/wp-json\/wp\/v2\/media\/58745"}],"wp:attachment":[{"href":"https:\/\/alpaka-shop.com\/fi\/wp-json\/wp\/v2\/media?parent=58753"}],"wp:term":[{"taxonomy":"product_brand","embeddable":true,"href":"https:\/\/alpaka-shop.com\/fi\/wp-json\/wp\/v2\/product_brand?post=58753"},{"taxonomy":"product_cat","embeddable":true,"href":"https:\/\/alpaka-shop.com\/fi\/wp-json\/wp\/v2\/product_cat?post=58753"},{"taxonomy":"product_tag","embeddable":true,"href":"https:\/\/alpaka-shop.com\/fi\/wp-json\/wp\/v2\/product_tag?post=58753"},{"taxonomy":"product_shipping_class","embeddable":true,"href":"https:\/\/alpaka-shop.com\/fi\/wp-json\/wp\/v2\/product_shipping_class?post=58753"},{"taxonomy":"pa_soft-wrap-cardigan","embeddable":true,"href":"https:\/\/alpaka-shop.com\/fi\/wp-json\/wp\/v2\/pa_soft-wrap-cardigan?post=58753"}],"curies":[{"name":"wp","href":"https:\/\/api.w.org\/{rel}","templated":true}]}}