{"id":58825,"date":"2024-12-10T13:18:56","date_gmt":"2024-12-11T08:41:47","guid":{"rendered":"https:\/\/alpaka-shop.com\/?post_type=product&#038;p=58825"},"modified":"2026-03-23T10:00:09","modified_gmt":"2026-03-23T08:00:09","slug":"neulotut-saarystimet","status":"publish","type":"product","link":"https:\/\/alpaka-shop.com\/fi\/neulotut-saarystimet\/","title":{"rendered":"Neulotut s\u00e4\u00e4rystimet"},"content":{"rendered":"","protected":false},"excerpt":{"rendered":"<p><span data-sheets-root=\"1\">Pid\u00e4 s\u00e4\u00e4resi l\u00e4mpimin\u00e4 ajattomilla ja ihanilla s\u00e4\u00e4rystimill\u00e4. Ribbineulotut s\u00e4\u00e4rystimet tarjoavat sek\u00e4 lis\u00e4suojaa pakkaselta ett\u00e4 n\u00e4ytt\u00e4v\u00e4t tyylikk\u00e4ilt\u00e4. S\u00e4\u00e4rystimi\u00e4 voi helposti sommitella eri vaatteiden kanssa vaikka kerroksittain. Ribbineulos tekee niist\u00e4 joustavia ja alpakanvilla hyvin pehmeit\u00e4. Sopivat k\u00e4ytett\u00e4viksi saappaiden, kenkien tai miksip\u00e4 ei my\u00f6s balleriinatossujen kanssa.<\/p>\n<p>MATERIAALI<br \/>\n<b>100% Baby-alpakka<\/b><\/span><\/p>\n","protected":false},"featured_media":58808,"template":"","meta":{"_acf_changed":false},"product_brand":[],"product_cat":[2971,63],"product_tag":[],"product_shipping_class":[],"pa_soft-wrap-cardigan":[],"class_list":{"0":"post-58825","1":"product","2":"type-product","3":"status-publish","4":"has-post-thumbnail","6":"product_cat-accessoires","7":"product_cat-naiset","9":"first","10":"instock","11":"taxable","12":"shipping-taxable","13":"purchasable","14":"product-type-variable","15":"has-default-attributes","16":"wvs-archive-product-wrapper"},"bundled_by":[],"bundle_stock_status":"instock","bundle_stock_quantity":null,"bundle_virtual":false,"bundle_layout":"","bundle_add_to_cart_form_location":"","bundle_editable_in_cart":false,"bundle_sold_individually_context":"","bundle_item_grouping":"","bundle_min_size":"","bundle_max_size":"","bundle_price":[],"bundled_items":[],"bundle_sell_ids":[],"acf":[],"aioseo_notices":[],"_links":{"self":[{"href":"https:\/\/alpaka-shop.com\/fi\/wp-json\/wp\/v2\/product\/58825","targetHints":{"allow":["GET"]}}],"collection":[{"href":"https:\/\/alpaka-shop.com\/fi\/wp-json\/wp\/v2\/product"}],"about":[{"href":"https:\/\/alpaka-shop.com\/fi\/wp-json\/wp\/v2\/types\/product"}],"wp:featuredmedia":[{"embeddable":true,"href":"https:\/\/alpaka-shop.com\/fi\/wp-json\/wp\/v2\/media\/58808"}],"wp:attachment":[{"href":"https:\/\/alpaka-shop.com\/fi\/wp-json\/wp\/v2\/media?parent=58825"}],"wp:term":[{"taxonomy":"product_brand","embeddable":true,"href":"https:\/\/alpaka-shop.com\/fi\/wp-json\/wp\/v2\/product_brand?post=58825"},{"taxonomy":"product_cat","embeddable":true,"href":"https:\/\/alpaka-shop.com\/fi\/wp-json\/wp\/v2\/product_cat?post=58825"},{"taxonomy":"product_tag","embeddable":true,"href":"https:\/\/alpaka-shop.com\/fi\/wp-json\/wp\/v2\/product_tag?post=58825"},{"taxonomy":"product_shipping_class","embeddable":true,"href":"https:\/\/alpaka-shop.com\/fi\/wp-json\/wp\/v2\/product_shipping_class?post=58825"},{"taxonomy":"pa_soft-wrap-cardigan","embeddable":true,"href":"https:\/\/alpaka-shop.com\/fi\/wp-json\/wp\/v2\/pa_soft-wrap-cardigan?post=58825"}],"curies":[{"name":"wp","href":"https:\/\/api.w.org\/{rel}","templated":true}]}}