{"id":5902,"date":"2019-08-28T08:27:56","date_gmt":"2019-08-28T08:27:56","guid":{"rendered":"https:\/\/uus.alpaka-shop.com\/product\/ylellinen-yaku-peite\/"},"modified":"2026-03-09T14:45:53","modified_gmt":"2026-03-09T12:45:53","slug":"ylellinen-yaku-peite","status":"publish","type":"product","link":"https:\/\/alpaka-shop.com\/fi\/ylellinen-yaku-peite\/","title":{"rendered":"Yaku torkkupeitto"},"content":{"rendered":"","protected":false},"excerpt":{"rendered":"<p>Todella pehme\u00e4n silkkinen alpakkaturkispeitto, jonka k\u00e4\u00e4nt\u00f6puoli on baby alpakkavillaa. Voidaan k\u00e4ytt\u00e4\u00e4 p\u00e4iv\u00e4peitteen\u00e4 tai torkkupeittona sohvalla tai nojatuolissa. Kullakin torkkupeittolla on ainutlaatuinen ulkon\u00e4k\u00f6 niin v\u00e4rimuunnelmien kuin turkiksen fyysisten ominaisuuksien suhteen. V\u00e4ris\u00e4vyiss\u00e4 ja kuitujen pituudessa voi esiinty\u00e4 pient\u00e4 vaihtelua, koska valmistuksessa on k\u00e4ytetty vain luonnonmateriaaleja. T\u00e4m\u00e4 pehme\u00e4 ja ylellinen peitto vie sinut aivan uudenlaiseen mukavuuden ja mielihyv\u00e4n maailmaan.<\/p>\n<p>Peite on valmistettu eettisest\u00e4 alpakkaturkiksesta, eli el\u00e4imi\u00e4 ei ole vahingoitettu sen valmistamiseksi. Alpakat ovat liian arvokkaita tapettaviksi turkiksensa t\u00e4hden, joten k\u00e4yt\u00e4mme vain luonnollisista syist\u00e4 kuolleiden el\u00e4inten taljoja. K\u00e4yt\u00e4mme siis vain materiaaleja, jotka olisivat muuten j\u00e4\u00e4neet k\u00e4ytt\u00e4m\u00e4tt\u00f6miksi, ja annamme niille uutta arvoa.<\/p>\n<div class=\"woocommerce-product-details__short-description\">\n<p>MATERIAALI<br \/>\n<strong>alpakkaturkista<\/strong><\/p>\n<p>TAKAOSA<strong><br \/>\n100% baby alpakka<br \/>\n<\/strong><\/p>\n<p>T\u00c4YTE<strong><br \/>\npehment\u00e4v\u00e4 ja l\u00e4mp\u00f6\u00e4 sitova vanu<\/strong><\/p>\n<\/div>\n","protected":false},"featured_media":18240,"template":"","meta":{"_acf_changed":false},"product_brand":[],"product_cat":[109,106],"product_tag":[],"product_shipping_class":[],"pa_soft-wrap-cardigan":[],"class_list":{"0":"post-5902","1":"product","2":"type-product","3":"status-publish","4":"has-post-thumbnail","6":"product_cat-koti","7":"product_cat-peitteet","9":"first","10":"outofstock","11":"taxable","12":"shipping-taxable","13":"purchasable","14":"product-type-variable","15":"has-default-attributes","16":"wvs-archive-product-wrapper"},"bundled_by":[],"bundle_stock_status":"outofstock","bundle_stock_quantity":null,"bundle_virtual":false,"bundle_layout":"","bundle_add_to_cart_form_location":"","bundle_editable_in_cart":false,"bundle_sold_individually_context":"","bundle_item_grouping":"","bundle_min_size":"","bundle_max_size":"","bundle_price":[],"bundled_items":[],"bundle_sell_ids":[],"acf":[],"aioseo_notices":[],"_links":{"self":[{"href":"https:\/\/alpaka-shop.com\/fi\/wp-json\/wp\/v2\/product\/5902","targetHints":{"allow":["GET"]}}],"collection":[{"href":"https:\/\/alpaka-shop.com\/fi\/wp-json\/wp\/v2\/product"}],"about":[{"href":"https:\/\/alpaka-shop.com\/fi\/wp-json\/wp\/v2\/types\/product"}],"wp:featuredmedia":[{"embeddable":true,"href":"https:\/\/alpaka-shop.com\/fi\/wp-json\/wp\/v2\/media\/18240"}],"wp:attachment":[{"href":"https:\/\/alpaka-shop.com\/fi\/wp-json\/wp\/v2\/media?parent=5902"}],"wp:term":[{"taxonomy":"product_brand","embeddable":true,"href":"https:\/\/alpaka-shop.com\/fi\/wp-json\/wp\/v2\/product_brand?post=5902"},{"taxonomy":"product_cat","embeddable":true,"href":"https:\/\/alpaka-shop.com\/fi\/wp-json\/wp\/v2\/product_cat?post=5902"},{"taxonomy":"product_tag","embeddable":true,"href":"https:\/\/alpaka-shop.com\/fi\/wp-json\/wp\/v2\/product_tag?post=5902"},{"taxonomy":"product_shipping_class","embeddable":true,"href":"https:\/\/alpaka-shop.com\/fi\/wp-json\/wp\/v2\/product_shipping_class?post=5902"},{"taxonomy":"pa_soft-wrap-cardigan","embeddable":true,"href":"https:\/\/alpaka-shop.com\/fi\/wp-json\/wp\/v2\/pa_soft-wrap-cardigan?post=5902"}],"curies":[{"name":"wp","href":"https:\/\/api.w.org\/{rel}","templated":true}]}}