{"id":59262,"date":"2024-12-13T21:54:02","date_gmt":"2024-12-13T19:54:02","guid":{"rendered":"https:\/\/alpaka-shop.com\/?post_type=product&#038;p=59262"},"modified":"2026-04-07T12:20:05","modified_gmt":"2026-04-07T09:20:05","slug":"pipo-levealla-taitteella","status":"publish","type":"product","link":"https:\/\/alpaka-shop.com\/fi\/pipo-levealla-taitteella\/","title":{"rendered":"Pipo leve\u00e4ll\u00e4 taitteella"},"content":{"rendered":"","protected":false},"excerpt":{"rendered":"<p><span data-sheets-root=\"1\">Mukava ja muodikas talvipipo leve\u00e4ll\u00e4 taitteella on talven ehdoton ykk\u00f6ssuosikki. Ribbineulettu pipo on leve\u00e4n taitteen ansiosta hyvin l\u00e4mmin ja suojaa sek\u00e4 tuulelta ett\u00e4 pakkaselta. V\u00e4ltt\u00e4m\u00e4t\u00f6n apuv\u00e4line joka s\u00e4\u00e4ss\u00e4. Monik\u00e4ytt\u00f6nen ja kaunis disain.Leve\u00e4mpi ribbineulos tekee piposta p\u00f6rr\u00f6isen ja ihanan pehme\u00e4n. Ole tyylik\u00e4s ja itsevarma joka keliss\u00e4 k\u00e4ytt\u00e4m\u00e4ll\u00e4 t\u00e4t\u00e4 kaunista p\u00e4\u00e4hinett\u00e4.<\/span><\/p>\n<p><span>MATERIAALI<\/span><br \/>\n<b>100% Baby-alpakka<\/b><\/p>\n","protected":false},"featured_media":59206,"template":"","meta":{"_acf_changed":false},"product_brand":[],"product_cat":[63,101],"product_tag":[],"product_shipping_class":[],"pa_soft-wrap-cardigan":[],"class_list":{"0":"post-59262","1":"product","2":"type-product","3":"status-publish","4":"has-post-thumbnail","6":"product_cat-naiset","7":"product_cat-paahineet","9":"first","10":"instock","11":"taxable","12":"shipping-taxable","13":"purchasable","14":"product-type-variable","15":"has-default-attributes","16":"wvs-archive-product-wrapper"},"bundled_by":[],"bundle_stock_status":"instock","bundle_stock_quantity":null,"bundle_virtual":false,"bundle_layout":"","bundle_add_to_cart_form_location":"","bundle_editable_in_cart":false,"bundle_sold_individually_context":"","bundle_item_grouping":"","bundle_min_size":"","bundle_max_size":"","bundle_price":[],"bundled_items":[],"bundle_sell_ids":[],"acf":[],"aioseo_notices":[],"_links":{"self":[{"href":"https:\/\/alpaka-shop.com\/fi\/wp-json\/wp\/v2\/product\/59262","targetHints":{"allow":["GET"]}}],"collection":[{"href":"https:\/\/alpaka-shop.com\/fi\/wp-json\/wp\/v2\/product"}],"about":[{"href":"https:\/\/alpaka-shop.com\/fi\/wp-json\/wp\/v2\/types\/product"}],"wp:featuredmedia":[{"embeddable":true,"href":"https:\/\/alpaka-shop.com\/fi\/wp-json\/wp\/v2\/media\/59206"}],"wp:attachment":[{"href":"https:\/\/alpaka-shop.com\/fi\/wp-json\/wp\/v2\/media?parent=59262"}],"wp:term":[{"taxonomy":"product_brand","embeddable":true,"href":"https:\/\/alpaka-shop.com\/fi\/wp-json\/wp\/v2\/product_brand?post=59262"},{"taxonomy":"product_cat","embeddable":true,"href":"https:\/\/alpaka-shop.com\/fi\/wp-json\/wp\/v2\/product_cat?post=59262"},{"taxonomy":"product_tag","embeddable":true,"href":"https:\/\/alpaka-shop.com\/fi\/wp-json\/wp\/v2\/product_tag?post=59262"},{"taxonomy":"product_shipping_class","embeddable":true,"href":"https:\/\/alpaka-shop.com\/fi\/wp-json\/wp\/v2\/product_shipping_class?post=59262"},{"taxonomy":"pa_soft-wrap-cardigan","embeddable":true,"href":"https:\/\/alpaka-shop.com\/fi\/wp-json\/wp\/v2\/pa_soft-wrap-cardigan?post=59262"}],"curies":[{"name":"wp","href":"https:\/\/api.w.org\/{rel}","templated":true}]}}