{"id":5948,"date":"2019-07-30T12:39:08","date_gmt":"2019-07-30T12:39:08","guid":{"rendered":"https:\/\/uus.alpaka-shop.com\/product\/peite-turkisreunuksella\/"},"modified":"2026-03-11T09:57:55","modified_gmt":"2026-03-11T07:57:55","slug":"peite-turkisreunuksella","status":"publish","type":"product","link":"https:\/\/alpaka-shop.com\/fi\/peite-turkisreunuksella\/","title":{"rendered":"Turkisreunuksella torkkupeitto"},"content":{"rendered":"","protected":false},"excerpt":{"rendered":"<p>Torkkupeitto, jossa eleganssi yhdistyy aitojen luonnonmateriaalien pehmeyteen. 100 % baby alpakka-peitto aidolla alpakkaturkisreunuksella on vertaansa vailla olevan l\u00e4mmin ja pehme\u00e4. Turkis on mit\u00e4 pitk\u00e4karvaisinta ja silkkisint\u00e4 alpakkaa, ja tarkoin valittu. Jokainen peitte on yksil\u00f6llinen niin v\u00e4rimuunnelmien kuin fyysisten ominaisuuksiensa suhteen, koska ne on valmistettu vain luonnonmateriaaleista. Voit k\u00e4ytt\u00e4\u00e4 t\u00e4t\u00e4 tuotteeta niin shaalina kuin sisustuselementtein\u00e4. Antaudu puhtaaseen hemmotteluun.<\/p>\n<p>Peite on valmistettu cruelty-free -alpakkaturkiksesta, eli alpakoita ei ole vahingoitettu tuotteen valmistuksessa. Alpakat ovat liian arvokkaita tapettaviksi turkiksensa t\u00e4hden, joten k\u00e4yt\u00e4mme vain luonnollisista syist\u00e4 kuolleiden el\u00e4inten taljoja. K\u00e4yt\u00e4mme siis vain materiaaleja, jotka olisivat muuten j\u00e4\u00e4neet k\u00e4ytt\u00e4m\u00e4tt\u00f6miksi, ja annamme niille uutta arvoa.<\/p>\n<p>MATERIAALI<strong><br \/>\n100% baby alpakka-peite, jossa pitk\u00e4karvainen alpakkaturkisreunus<\/strong><\/p>\n<p>&nbsp;<\/p>\n","protected":false},"featured_media":49142,"template":"","meta":{"_acf_changed":false},"product_brand":[],"product_cat":[109,2813,106],"product_tag":[],"product_shipping_class":[],"pa_soft-wrap-cardigan":[],"class_list":{"0":"post-5948","1":"product","2":"type-product","3":"status-publish","4":"has-post-thumbnail","6":"product_cat-koti","7":"product_cat-march-edit-fi","8":"product_cat-peitteet","10":"first","11":"instock","12":"taxable","13":"shipping-taxable","14":"purchasable","15":"product-type-variable","16":"has-default-attributes","17":"wvs-archive-product-wrapper"},"bundled_by":[],"bundle_stock_status":"instock","bundle_stock_quantity":null,"bundle_virtual":false,"bundle_layout":"","bundle_add_to_cart_form_location":"","bundle_editable_in_cart":false,"bundle_sold_individually_context":"","bundle_item_grouping":"","bundle_min_size":"","bundle_max_size":"","bundle_price":[],"bundled_items":[],"bundle_sell_ids":[],"acf":[],"aioseo_notices":[],"_links":{"self":[{"href":"https:\/\/alpaka-shop.com\/fi\/wp-json\/wp\/v2\/product\/5948","targetHints":{"allow":["GET"]}}],"collection":[{"href":"https:\/\/alpaka-shop.com\/fi\/wp-json\/wp\/v2\/product"}],"about":[{"href":"https:\/\/alpaka-shop.com\/fi\/wp-json\/wp\/v2\/types\/product"}],"wp:featuredmedia":[{"embeddable":true,"href":"https:\/\/alpaka-shop.com\/fi\/wp-json\/wp\/v2\/media\/49142"}],"wp:attachment":[{"href":"https:\/\/alpaka-shop.com\/fi\/wp-json\/wp\/v2\/media?parent=5948"}],"wp:term":[{"taxonomy":"product_brand","embeddable":true,"href":"https:\/\/alpaka-shop.com\/fi\/wp-json\/wp\/v2\/product_brand?post=5948"},{"taxonomy":"product_cat","embeddable":true,"href":"https:\/\/alpaka-shop.com\/fi\/wp-json\/wp\/v2\/product_cat?post=5948"},{"taxonomy":"product_tag","embeddable":true,"href":"https:\/\/alpaka-shop.com\/fi\/wp-json\/wp\/v2\/product_tag?post=5948"},{"taxonomy":"product_shipping_class","embeddable":true,"href":"https:\/\/alpaka-shop.com\/fi\/wp-json\/wp\/v2\/product_shipping_class?post=5948"},{"taxonomy":"pa_soft-wrap-cardigan","embeddable":true,"href":"https:\/\/alpaka-shop.com\/fi\/wp-json\/wp\/v2\/pa_soft-wrap-cardigan?post=5948"}],"curies":[{"name":"wp","href":"https:\/\/api.w.org\/{rel}","templated":true}]}}