{"id":59905,"date":"2025-02-25T16:31:32","date_gmt":"2025-02-25T14:31:32","guid":{"rendered":"https:\/\/alpaka-shop.com\/kevyt-neuletakki-huivikauluksella\/"},"modified":"2026-04-06T13:07:02","modified_gmt":"2026-04-06T10:07:02","slug":"kevyt-neuletakki-huivikauluksella","status":"publish","type":"product","link":"https:\/\/alpaka-shop.com\/fi\/kevyt-neuletakki-huivikauluksella\/","title":{"rendered":"Kevyt neuletakki huivikauluksella"},"content":{"rendered":"","protected":false},"excerpt":{"rendered":"<p><span data-sheets-root=\"1\">Kevyt neuletakki huivikauluksella on erinomainen valinta jokaisen tyylikk\u00e4\u00e4n naisen vaatekaappiin. V\u00e4ljempi ja pidempi malli sopii hyvin monenlaiselle vartalolle. Neuletakkia voi erinomaisesti k\u00e4ytt\u00e4\u00e4 sek\u00e4 kotona ett\u00e4 erilaisissa tapahtumissa. Tyylikk\u00e4\u00e4n disainin ansiosta takkia voi pit\u00e4\u00e4 my\u00f6s helposti sek\u00e4 juhlamekon ett\u00e4 farkkujen kanssa. T\u00e4t\u00e4 ihanan pehme\u00e4\u00e4 neuletakkia k\u00e4ytt\u00e4isi mielell\u00e4\u00e4n koko ajan.<\/span><\/p>\n","protected":false},"featured_media":59827,"template":"","meta":{"_acf_changed":false},"product_brand":[],"product_cat":[63,99],"product_tag":[],"product_shipping_class":[],"pa_soft-wrap-cardigan":[],"class_list":{"0":"post-59905","1":"product","2":"type-product","3":"status-publish","4":"has-post-thumbnail","6":"product_cat-naiset","7":"product_cat-neulepuserot-ja-takit","9":"first","10":"instock","11":"taxable","12":"shipping-taxable","13":"purchasable","14":"product-type-variable","15":"has-default-attributes","16":"wvs-archive-product-wrapper"},"bundled_by":[],"bundle_stock_status":"instock","bundle_stock_quantity":null,"bundle_virtual":false,"bundle_layout":"","bundle_add_to_cart_form_location":"","bundle_editable_in_cart":false,"bundle_sold_individually_context":"","bundle_item_grouping":"","bundle_min_size":"","bundle_max_size":"","bundle_price":[],"bundled_items":[],"bundle_sell_ids":[],"acf":[],"aioseo_notices":[],"_links":{"self":[{"href":"https:\/\/alpaka-shop.com\/fi\/wp-json\/wp\/v2\/product\/59905","targetHints":{"allow":["GET"]}}],"collection":[{"href":"https:\/\/alpaka-shop.com\/fi\/wp-json\/wp\/v2\/product"}],"about":[{"href":"https:\/\/alpaka-shop.com\/fi\/wp-json\/wp\/v2\/types\/product"}],"wp:featuredmedia":[{"embeddable":true,"href":"https:\/\/alpaka-shop.com\/fi\/wp-json\/wp\/v2\/media\/59827"}],"wp:attachment":[{"href":"https:\/\/alpaka-shop.com\/fi\/wp-json\/wp\/v2\/media?parent=59905"}],"wp:term":[{"taxonomy":"product_brand","embeddable":true,"href":"https:\/\/alpaka-shop.com\/fi\/wp-json\/wp\/v2\/product_brand?post=59905"},{"taxonomy":"product_cat","embeddable":true,"href":"https:\/\/alpaka-shop.com\/fi\/wp-json\/wp\/v2\/product_cat?post=59905"},{"taxonomy":"product_tag","embeddable":true,"href":"https:\/\/alpaka-shop.com\/fi\/wp-json\/wp\/v2\/product_tag?post=59905"},{"taxonomy":"product_shipping_class","embeddable":true,"href":"https:\/\/alpaka-shop.com\/fi\/wp-json\/wp\/v2\/product_shipping_class?post=59905"},{"taxonomy":"pa_soft-wrap-cardigan","embeddable":true,"href":"https:\/\/alpaka-shop.com\/fi\/wp-json\/wp\/v2\/pa_soft-wrap-cardigan?post=59905"}],"curies":[{"name":"wp","href":"https:\/\/api.w.org\/{rel}","templated":true}]}}