{"id":7824,"date":"2019-08-28T08:55:01","date_gmt":"2019-08-28T08:55:01","guid":{"rendered":"https:\/\/uus.alpaka-shop.com\/product\/yaku-tyyny\/"},"modified":"2026-03-06T12:56:15","modified_gmt":"2026-03-06T10:56:15","slug":"yaku-tyyny","status":"publish","type":"product","link":"https:\/\/alpaka-shop.com\/fi\/yaku-tyyny\/","title":{"rendered":"Yaku tyyny"},"content":{"rendered":"","protected":false},"excerpt":{"rendered":"<p>Yaku tyynyt valmistetaan pitk\u00e4karvaisimmasta ja silkkisimm\u00e4st\u00e4 alpakkaturkiksesta. &#8221;Yaku&#8221; tarkoittaa \u201cvett\u00e4\u201d etel\u00e4amerikkalaisella quechuan kielell\u00e4, ja voit melkein n\u00e4hd\u00e4 veden aaltoja veden pintaa muistuttavassa turkiksessa. Kullakin tyynyll\u00e4 on yksil\u00f6llinen v\u00e4ris\u00e4vy ja turkiksen pituus, koska ne on valmistettu vain luonnonmateriaaleista. Yaku tyynyt ovat ylellisi\u00e4 ja nykyaikaisia sisustuselementtej\u00e4, ja tuovat ymp\u00e4rist\u00f6\u00f6ns\u00e4 l\u00e4mp\u00f6\u00e4 ja mukavuutta kaikkialla. Tyynyn k\u00e4\u00e4nt\u00f6puoli on valmistettu baby alpakka villasta. Saatavilla my\u00f6s turkiksella molemmin puolin, kysy meilt\u00e4 lis\u00e4\u00e4.<\/p>\n<p>Tyynyt on valmistettu eettisest\u00e4 alpakkaturkiksesta, eik\u00e4 el\u00e4imi\u00e4 ole vahingoitettu niiden valmistamiseksi. Alpakat ovat liian arvokkaita villael\u00e4imi\u00e4, joten k\u00e4yt\u00e4mme vain luonnollisista syist\u00e4 kuolleiden el\u00e4inten taljoja, ja annamme niille uutta arvoa.<\/p>\n<p>MATERIAALI<br \/>\n<strong>alpakkaturkista<\/strong><\/p>\n<p>TAKAOSA<strong><br \/>\n100% baby alpakka<br \/>\n<\/strong><\/p>\n<p>T\u00c4YTE<strong><br \/>\ntyynyt toimitetaan ilman t\u00e4ytett\u00e4<\/strong><\/p>\n","protected":false},"featured_media":7220,"template":"","meta":{"_acf_changed":false},"product_brand":[],"product_cat":[109,107],"product_tag":[],"product_shipping_class":[],"pa_soft-wrap-cardigan":[],"class_list":{"0":"post-7824","1":"product","2":"type-product","3":"status-publish","4":"has-post-thumbnail","6":"product_cat-koti","7":"product_cat-tyynyt","9":"first","10":"instock","11":"taxable","12":"shipping-taxable","13":"purchasable","14":"product-type-variable","15":"has-default-attributes","16":"wvs-archive-product-wrapper"},"bundled_by":[],"bundle_stock_status":"instock","bundle_stock_quantity":null,"bundle_virtual":false,"bundle_layout":"","bundle_add_to_cart_form_location":"","bundle_editable_in_cart":false,"bundle_sold_individually_context":"","bundle_item_grouping":"","bundle_min_size":"","bundle_max_size":"","bundle_price":[],"bundled_items":[],"bundle_sell_ids":[],"acf":[],"aioseo_notices":[],"_links":{"self":[{"href":"https:\/\/alpaka-shop.com\/fi\/wp-json\/wp\/v2\/product\/7824","targetHints":{"allow":["GET"]}}],"collection":[{"href":"https:\/\/alpaka-shop.com\/fi\/wp-json\/wp\/v2\/product"}],"about":[{"href":"https:\/\/alpaka-shop.com\/fi\/wp-json\/wp\/v2\/types\/product"}],"wp:featuredmedia":[{"embeddable":true,"href":"https:\/\/alpaka-shop.com\/fi\/wp-json\/wp\/v2\/media\/7220"}],"wp:attachment":[{"href":"https:\/\/alpaka-shop.com\/fi\/wp-json\/wp\/v2\/media?parent=7824"}],"wp:term":[{"taxonomy":"product_brand","embeddable":true,"href":"https:\/\/alpaka-shop.com\/fi\/wp-json\/wp\/v2\/product_brand?post=7824"},{"taxonomy":"product_cat","embeddable":true,"href":"https:\/\/alpaka-shop.com\/fi\/wp-json\/wp\/v2\/product_cat?post=7824"},{"taxonomy":"product_tag","embeddable":true,"href":"https:\/\/alpaka-shop.com\/fi\/wp-json\/wp\/v2\/product_tag?post=7824"},{"taxonomy":"product_shipping_class","embeddable":true,"href":"https:\/\/alpaka-shop.com\/fi\/wp-json\/wp\/v2\/product_shipping_class?post=7824"},{"taxonomy":"pa_soft-wrap-cardigan","embeddable":true,"href":"https:\/\/alpaka-shop.com\/fi\/wp-json\/wp\/v2\/pa_soft-wrap-cardigan?post=7824"}],"curies":[{"name":"wp","href":"https:\/\/api.w.org\/{rel}","templated":true}]}}