{"id":7893,"date":"2019-08-29T08:11:48","date_gmt":"2019-08-29T08:11:48","guid":{"rendered":"https:\/\/uus.alpaka-shop.com\/product\/villatyynyt\/"},"modified":"2026-03-06T12:57:50","modified_gmt":"2026-03-06T10:57:50","slug":"villatyynyt","status":"publish","type":"product","link":"https:\/\/alpaka-shop.com\/fi\/villatyynyt\/","title":{"rendered":"Villatyynyt"},"content":{"rendered":"","protected":false},"excerpt":{"rendered":"<p>Valmistettu 100 % baby alpakka-villasta. Baby alpakka-kuitua pidet\u00e4\u00e4n maailman parhaana luonnonkuituna. Se on ylivertaisen l\u00e4mmint\u00e4, pehme\u00e4\u00e4, silkkist\u00e4 ja kest\u00e4v\u00e4\u00e4. Villatyynyt ovat ylellisi\u00e4 ja nykyaikaisia sisustuselementtej\u00e4, ja tuovat ymp\u00e4rist\u00f6\u00f6ns\u00e4 l\u00e4mp\u00f6\u00e4 ja mukavuutta kaikkialla.<\/p>\n<p>MATERIAALI<strong><br \/>\n100% baby alpakka<br \/>\n<\/strong><\/p>\n<p>T\u00c4YTE<strong><br \/>\ntyynyt toimitetaan ilman t\u00e4ytett\u00e4<br \/>\n<\/strong><\/p>\n<p>&nbsp;<\/p>\n","protected":false},"featured_media":7259,"template":"","meta":{"_acf_changed":false},"product_brand":[],"product_cat":[109,107],"product_tag":[],"product_shipping_class":[],"pa_soft-wrap-cardigan":[],"class_list":{"0":"post-7893","1":"product","2":"type-product","3":"status-publish","4":"has-post-thumbnail","6":"product_cat-koti","7":"product_cat-tyynyt","9":"first","10":"instock","11":"taxable","12":"shipping-taxable","13":"purchasable","14":"product-type-variable","15":"has-default-attributes","16":"wvs-archive-product-wrapper"},"bundled_by":[],"bundle_stock_status":"instock","bundle_stock_quantity":null,"bundle_virtual":false,"bundle_layout":"","bundle_add_to_cart_form_location":"","bundle_editable_in_cart":false,"bundle_sold_individually_context":"","bundle_item_grouping":"","bundle_min_size":"","bundle_max_size":"","bundle_price":[],"bundled_items":[],"bundle_sell_ids":[],"acf":[],"aioseo_notices":[],"_links":{"self":[{"href":"https:\/\/alpaka-shop.com\/fi\/wp-json\/wp\/v2\/product\/7893","targetHints":{"allow":["GET"]}}],"collection":[{"href":"https:\/\/alpaka-shop.com\/fi\/wp-json\/wp\/v2\/product"}],"about":[{"href":"https:\/\/alpaka-shop.com\/fi\/wp-json\/wp\/v2\/types\/product"}],"wp:featuredmedia":[{"embeddable":true,"href":"https:\/\/alpaka-shop.com\/fi\/wp-json\/wp\/v2\/media\/7259"}],"wp:attachment":[{"href":"https:\/\/alpaka-shop.com\/fi\/wp-json\/wp\/v2\/media?parent=7893"}],"wp:term":[{"taxonomy":"product_brand","embeddable":true,"href":"https:\/\/alpaka-shop.com\/fi\/wp-json\/wp\/v2\/product_brand?post=7893"},{"taxonomy":"product_cat","embeddable":true,"href":"https:\/\/alpaka-shop.com\/fi\/wp-json\/wp\/v2\/product_cat?post=7893"},{"taxonomy":"product_tag","embeddable":true,"href":"https:\/\/alpaka-shop.com\/fi\/wp-json\/wp\/v2\/product_tag?post=7893"},{"taxonomy":"product_shipping_class","embeddable":true,"href":"https:\/\/alpaka-shop.com\/fi\/wp-json\/wp\/v2\/product_shipping_class?post=7893"},{"taxonomy":"pa_soft-wrap-cardigan","embeddable":true,"href":"https:\/\/alpaka-shop.com\/fi\/wp-json\/wp\/v2\/pa_soft-wrap-cardigan?post=7893"}],"curies":[{"name":"wp","href":"https:\/\/api.w.org\/{rel}","templated":true}]}}