{"id":7917,"date":"2019-08-29T08:44:24","date_gmt":"2019-08-29T08:44:24","guid":{"rendered":"https:\/\/uus.alpaka-shop.com\/product\/fishbone-villatyynyt\/"},"modified":"2026-03-06T12:59:18","modified_gmt":"2026-03-06T10:59:18","slug":"fishbone-villatyynyt","status":"publish","type":"product","link":"https:\/\/alpaka-shop.com\/fi\/fishbone-villatyynyt\/","title":{"rendered":"Kalanruoto villatyynyt"},"content":{"rendered":"","protected":false},"excerpt":{"rendered":"<p>Kalanruoto-villatyynyt on valmistettu aidosta baby alpakka villasta. Baby alpakka on ylivertaisen l\u00e4mmint\u00e4, pehme\u00e4\u00e4, silkkist\u00e4 ja kest\u00e4v\u00e4\u00e4 &#8211;\u00a0 todella maailman laadukkain luonnonkuitu. N\u00e4iden tyynyjen kalanruoto-kuvio saa aikaan hienostuneen tyylikk\u00e4\u00e4n ilmeen. Villatyynyt viimeistelev\u00e4t mink\u00e4 tahansa sisustuksen.<\/p>\n<p>MATERIAALI<strong><br \/>\n100% baby alpakka<br \/>\n<\/strong><\/p>\n<p>T\u00c4YTE<strong><br \/>\ntyynyt toimitetaan ilman t\u00e4ytett\u00e4<br \/>\n<\/strong><\/p>\n<p>&nbsp;<\/p>\n","protected":false},"featured_media":7295,"template":"","meta":{"_acf_changed":false},"product_brand":[],"product_cat":[109,107],"product_tag":[],"product_shipping_class":[],"pa_soft-wrap-cardigan":[],"class_list":{"0":"post-7917","1":"product","2":"type-product","3":"status-publish","4":"has-post-thumbnail","6":"product_cat-koti","7":"product_cat-tyynyt","9":"first","10":"instock","11":"taxable","12":"shipping-taxable","13":"purchasable","14":"product-type-variable","15":"has-default-attributes","16":"wvs-archive-product-wrapper"},"bundled_by":[],"bundle_stock_status":"instock","bundle_stock_quantity":null,"bundle_virtual":false,"bundle_layout":"","bundle_add_to_cart_form_location":"","bundle_editable_in_cart":false,"bundle_sold_individually_context":"","bundle_item_grouping":"","bundle_min_size":"","bundle_max_size":"","bundle_price":[],"bundled_items":[],"bundle_sell_ids":[],"acf":[],"aioseo_notices":[],"_links":{"self":[{"href":"https:\/\/alpaka-shop.com\/fi\/wp-json\/wp\/v2\/product\/7917","targetHints":{"allow":["GET"]}}],"collection":[{"href":"https:\/\/alpaka-shop.com\/fi\/wp-json\/wp\/v2\/product"}],"about":[{"href":"https:\/\/alpaka-shop.com\/fi\/wp-json\/wp\/v2\/types\/product"}],"wp:featuredmedia":[{"embeddable":true,"href":"https:\/\/alpaka-shop.com\/fi\/wp-json\/wp\/v2\/media\/7295"}],"wp:attachment":[{"href":"https:\/\/alpaka-shop.com\/fi\/wp-json\/wp\/v2\/media?parent=7917"}],"wp:term":[{"taxonomy":"product_brand","embeddable":true,"href":"https:\/\/alpaka-shop.com\/fi\/wp-json\/wp\/v2\/product_brand?post=7917"},{"taxonomy":"product_cat","embeddable":true,"href":"https:\/\/alpaka-shop.com\/fi\/wp-json\/wp\/v2\/product_cat?post=7917"},{"taxonomy":"product_tag","embeddable":true,"href":"https:\/\/alpaka-shop.com\/fi\/wp-json\/wp\/v2\/product_tag?post=7917"},{"taxonomy":"product_shipping_class","embeddable":true,"href":"https:\/\/alpaka-shop.com\/fi\/wp-json\/wp\/v2\/product_shipping_class?post=7917"},{"taxonomy":"pa_soft-wrap-cardigan","embeddable":true,"href":"https:\/\/alpaka-shop.com\/fi\/wp-json\/wp\/v2\/pa_soft-wrap-cardigan?post=7917"}],"curies":[{"name":"wp","href":"https:\/\/api.w.org\/{rel}","templated":true}]}}