{"id":8002,"date":"2019-08-30T12:08:01","date_gmt":"2019-08-30T12:08:01","guid":{"rendered":"https:\/\/uus.alpaka-shop.com\/product\/sami-nallekarhu\/"},"modified":"2026-04-13T10:30:05","modified_gmt":"2026-04-13T07:30:05","slug":"sami-nallekarhu","status":"publish","type":"product","link":"https:\/\/alpaka-shop.com\/fi\/sami-nallekarhu\/","title":{"rendered":"Sami nallekarhu"},"content":{"rendered":"","protected":false},"excerpt":{"rendered":"<p>Sami nallekarhu on rakkaudella k\u00e4sin valmistettu pehme\u00e4st\u00e4 ja paksusta alpakkaturkiksesta, joka on yksi maailman pehmeimmist\u00e4 kuituista, sek\u00e4 eettist\u00e4, julmuuden-vapaa ja ymp\u00e4rist\u00f6yst\u00e4v\u00e4llist\u00e4. Lyhyt ja p\u00f6rhe\u00e4 turkis antaa nallekarhulle hurmaavan ilmeen ja ihanaa pehmeytt\u00e4. Sami nallekarhut l\u00f6yt\u00e4v\u00e4t tiens\u00e4 pienten ja isompienkin syd\u00e4miin. Sopii ihanasti allergikoille ja herk\u00e4lle iholle, koska ei sis\u00e4ll\u00e4 lanoliinia. Sami nallekarhu on erinomainen lahja, jokaisen halaus antaa saajalleen iloa ja onnea.<\/p>\n<p>MATERIAALI<strong><br \/>\nalpakkaturkis<\/strong><\/p>\n","protected":false},"featured_media":45310,"template":"","meta":{"_acf_changed":false},"product_brand":[],"product_cat":[2587,110],"product_tag":[],"product_shipping_class":[],"pa_soft-wrap-cardigan":[],"class_list":{"0":"post-8002","1":"product","2":"type-product","3":"status-publish","4":"has-post-thumbnail","6":"product_cat-gifts-for-her-fi","7":"product_cat-nallekarhut","9":"first","10":"instock","11":"taxable","12":"shipping-taxable","13":"purchasable","14":"product-type-variable","15":"has-default-attributes","16":"wvs-archive-product-wrapper"},"bundled_by":[],"bundle_stock_status":"instock","bundle_stock_quantity":null,"bundle_virtual":false,"bundle_layout":"","bundle_add_to_cart_form_location":"","bundle_editable_in_cart":false,"bundle_sold_individually_context":"","bundle_item_grouping":"","bundle_min_size":"","bundle_max_size":"","bundle_price":[],"bundled_items":[],"bundle_sell_ids":[],"acf":[],"aioseo_notices":[],"_links":{"self":[{"href":"https:\/\/alpaka-shop.com\/fi\/wp-json\/wp\/v2\/product\/8002","targetHints":{"allow":["GET"]}}],"collection":[{"href":"https:\/\/alpaka-shop.com\/fi\/wp-json\/wp\/v2\/product"}],"about":[{"href":"https:\/\/alpaka-shop.com\/fi\/wp-json\/wp\/v2\/types\/product"}],"wp:featuredmedia":[{"embeddable":true,"href":"https:\/\/alpaka-shop.com\/fi\/wp-json\/wp\/v2\/media\/45310"}],"wp:attachment":[{"href":"https:\/\/alpaka-shop.com\/fi\/wp-json\/wp\/v2\/media?parent=8002"}],"wp:term":[{"taxonomy":"product_brand","embeddable":true,"href":"https:\/\/alpaka-shop.com\/fi\/wp-json\/wp\/v2\/product_brand?post=8002"},{"taxonomy":"product_cat","embeddable":true,"href":"https:\/\/alpaka-shop.com\/fi\/wp-json\/wp\/v2\/product_cat?post=8002"},{"taxonomy":"product_tag","embeddable":true,"href":"https:\/\/alpaka-shop.com\/fi\/wp-json\/wp\/v2\/product_tag?post=8002"},{"taxonomy":"product_shipping_class","embeddable":true,"href":"https:\/\/alpaka-shop.com\/fi\/wp-json\/wp\/v2\/product_shipping_class?post=8002"},{"taxonomy":"pa_soft-wrap-cardigan","embeddable":true,"href":"https:\/\/alpaka-shop.com\/fi\/wp-json\/wp\/v2\/pa_soft-wrap-cardigan?post=8002"}],"curies":[{"name":"wp","href":"https:\/\/api.w.org\/{rel}","templated":true}]}}