{"id":8040,"date":"2019-08-30T12:40:42","date_gmt":"2019-08-30T12:40:42","guid":{"rendered":"https:\/\/uus.alpaka-shop.com\/product\/sami-xl-nallekarhu\/"},"modified":"2026-04-10T14:00:08","modified_gmt":"2026-04-10T11:00:08","slug":"sami-xl-nallekarhu","status":"publish","type":"product","link":"https:\/\/alpaka-shop.com\/fi\/sami-xl-nallekarhu\/","title":{"rendered":"Sami XL nallekarhu"},"content":{"rendered":"","protected":false},"excerpt":{"rendered":"<p>Eritt\u00e4in suuri sek\u00e4 pehme\u00e4 alpakka nalle on valmistettu alpakkaturkiksesta, joka on yksi maailman pehmeimmist\u00e4 turkislaatuista, sek\u00e4 eettist\u00e4, julmuuden-vapaa ja ymp\u00e4rist\u00f6yst\u00e4v\u00e4llist\u00e4. Lyhyt ja p\u00f6rhe\u00e4 turkis tekee nallesta ihastuttavan ja vastustamattoman. Jokainen nallekarhu on rakkaudella k\u00e4sin valmistettu, ja jokaisella niist\u00e4 on omaa luonnetta ja vieh\u00e4tysvoimaa. Sopii ihanasti allergikoille ja herk\u00e4lle iholle, koska ei sis\u00e4ll\u00e4 lanoliinia. Jokainen haluaa alpakka nallekarhun l\u00e4mpim\u00e4n halauksen!<\/p>\n<p>MATERIAALI<br \/>\n<strong>alpakkaturkis<\/strong><\/p>\n","protected":false},"featured_media":49758,"template":"","meta":{"_acf_changed":false},"product_brand":[],"product_cat":[110],"product_tag":[],"product_shipping_class":[],"pa_soft-wrap-cardigan":[],"class_list":{"0":"post-8040","1":"product","2":"type-product","3":"status-publish","4":"has-post-thumbnail","6":"product_cat-nallekarhut","8":"first","9":"instock","10":"taxable","11":"shipping-taxable","12":"purchasable","13":"product-type-variable","14":"has-default-attributes","15":"wvs-archive-product-wrapper"},"bundled_by":[],"bundle_stock_status":"instock","bundle_stock_quantity":null,"bundle_virtual":false,"bundle_layout":"","bundle_add_to_cart_form_location":"","bundle_editable_in_cart":false,"bundle_sold_individually_context":"","bundle_item_grouping":"","bundle_min_size":"","bundle_max_size":"","bundle_price":[],"bundled_items":[],"bundle_sell_ids":[],"acf":[],"aioseo_notices":[],"_links":{"self":[{"href":"https:\/\/alpaka-shop.com\/fi\/wp-json\/wp\/v2\/product\/8040","targetHints":{"allow":["GET"]}}],"collection":[{"href":"https:\/\/alpaka-shop.com\/fi\/wp-json\/wp\/v2\/product"}],"about":[{"href":"https:\/\/alpaka-shop.com\/fi\/wp-json\/wp\/v2\/types\/product"}],"wp:featuredmedia":[{"embeddable":true,"href":"https:\/\/alpaka-shop.com\/fi\/wp-json\/wp\/v2\/media\/49758"}],"wp:attachment":[{"href":"https:\/\/alpaka-shop.com\/fi\/wp-json\/wp\/v2\/media?parent=8040"}],"wp:term":[{"taxonomy":"product_brand","embeddable":true,"href":"https:\/\/alpaka-shop.com\/fi\/wp-json\/wp\/v2\/product_brand?post=8040"},{"taxonomy":"product_cat","embeddable":true,"href":"https:\/\/alpaka-shop.com\/fi\/wp-json\/wp\/v2\/product_cat?post=8040"},{"taxonomy":"product_tag","embeddable":true,"href":"https:\/\/alpaka-shop.com\/fi\/wp-json\/wp\/v2\/product_tag?post=8040"},{"taxonomy":"product_shipping_class","embeddable":true,"href":"https:\/\/alpaka-shop.com\/fi\/wp-json\/wp\/v2\/product_shipping_class?post=8040"},{"taxonomy":"pa_soft-wrap-cardigan","embeddable":true,"href":"https:\/\/alpaka-shop.com\/fi\/wp-json\/wp\/v2\/pa_soft-wrap-cardigan?post=8040"}],"curies":[{"name":"wp","href":"https:\/\/api.w.org\/{rel}","templated":true}]}}