{"id":8115,"date":"2019-08-29T12:45:12","date_gmt":"2019-08-29T12:45:12","guid":{"rendered":"https:\/\/uus.alpaka-shop.com\/product\/huovutettu-paapanta\/"},"modified":"2025-09-27T21:00:08","modified_gmt":"2025-09-27T18:00:08","slug":"huovutettu-paapanta","status":"publish","type":"product","link":"https:\/\/alpaka-shop.com\/fi\/huovutettu-paapanta\/","title":{"rendered":"Huovutettu p\u00e4\u00e4panta"},"content":{"rendered":"","protected":false},"excerpt":{"rendered":"<p>Ihanan pehme\u00e4 ja l\u00e4mmin p\u00e4\u00e4panta erikoishienoa alpakkaa on huoleton asuste kylmempin\u00e4 vuodenaikoina. Panta on yksinkertaisen tyylik\u00e4s, ja sen etuosassa on turbaanimainen solmu. K\u00e4yt\u00e4 pipon sijasta pit\u00e4\u00e4ksesi korvat l\u00e4mpimin\u00e4 ja kampauksen huoliteltuna. Saatavilla useissa pastellis\u00e4vyiss\u00e4. Helppo yhdistell\u00e4 erityylisten p\u00e4\u00e4llysvaatteiden kanssa.<\/p>\n<p>MATERIAALI<strong><br \/>\n89% superfine alpakka, 11% polyamidi<\/strong><\/p>\n<p>PAKKAUS<strong><br \/>\nmuovikassi<br \/>\n<\/strong><\/p>\n","protected":false},"featured_media":37038,"template":"","meta":{"_acf_changed":false},"product_brand":[],"product_cat":[63,101],"product_tag":[],"product_shipping_class":[],"pa_soft-wrap-cardigan":[],"class_list":{"0":"post-8115","1":"product","2":"type-product","3":"status-publish","4":"has-post-thumbnail","6":"product_cat-naiset","7":"product_cat-paahineet","9":"first","10":"outofstock","11":"taxable","12":"shipping-taxable","13":"purchasable","14":"product-type-variable","15":"has-default-attributes","16":"wvs-archive-product-wrapper"},"bundled_by":[],"bundle_stock_status":"outofstock","bundle_stock_quantity":null,"bundle_virtual":false,"bundle_layout":"","bundle_add_to_cart_form_location":"","bundle_editable_in_cart":false,"bundle_sold_individually_context":"","bundle_item_grouping":"","bundle_min_size":"","bundle_max_size":"","bundle_price":[],"bundled_items":[],"bundle_sell_ids":[],"acf":[],"aioseo_notices":[],"_links":{"self":[{"href":"https:\/\/alpaka-shop.com\/fi\/wp-json\/wp\/v2\/product\/8115","targetHints":{"allow":["GET"]}}],"collection":[{"href":"https:\/\/alpaka-shop.com\/fi\/wp-json\/wp\/v2\/product"}],"about":[{"href":"https:\/\/alpaka-shop.com\/fi\/wp-json\/wp\/v2\/types\/product"}],"wp:featuredmedia":[{"embeddable":true,"href":"https:\/\/alpaka-shop.com\/fi\/wp-json\/wp\/v2\/media\/37038"}],"wp:attachment":[{"href":"https:\/\/alpaka-shop.com\/fi\/wp-json\/wp\/v2\/media?parent=8115"}],"wp:term":[{"taxonomy":"product_brand","embeddable":true,"href":"https:\/\/alpaka-shop.com\/fi\/wp-json\/wp\/v2\/product_brand?post=8115"},{"taxonomy":"product_cat","embeddable":true,"href":"https:\/\/alpaka-shop.com\/fi\/wp-json\/wp\/v2\/product_cat?post=8115"},{"taxonomy":"product_tag","embeddable":true,"href":"https:\/\/alpaka-shop.com\/fi\/wp-json\/wp\/v2\/product_tag?post=8115"},{"taxonomy":"product_shipping_class","embeddable":true,"href":"https:\/\/alpaka-shop.com\/fi\/wp-json\/wp\/v2\/product_shipping_class?post=8115"},{"taxonomy":"pa_soft-wrap-cardigan","embeddable":true,"href":"https:\/\/alpaka-shop.com\/fi\/wp-json\/wp\/v2\/pa_soft-wrap-cardigan?post=8115"}],"curies":[{"name":"wp","href":"https:\/\/api.w.org\/{rel}","templated":true}]}}